{"id":2,"date":"2019-03-02T16:46:15","date_gmt":"2019-03-02T16:46:15","guid":{"rendered":"http:\/\/www.lecker-kochtopf.de\/?page_id=2"},"modified":"2020-08-17T15:25:00","modified_gmt":"2020-08-17T15:25:00","slug":"sample-page","status":"publish","type":"page","link":"https:\/\/www.lecker-kochtopf.de\/","title":{"rendered":"Home"},"content":{"rendered":"\n<p>Herzlich willkommen beim leckeren Kochtopf<\/p>\n\n\n\n<p>Hier sind Sie genau richtig, wenn Sie eine h\u00e4usliche\nVerpflegung f\u00fcr sich oder einen Angeh\u00f6rigen suchen. Wir bieten einen t\u00e4glichen\nMittagstisch f\u00fcr Jedermann, privat oder im Betrieb.<\/p>\n\n\n\n<p>Wir bieten t\u00e4glich wechselnde, frisch gekochte Men\u00fcs an, die\nwir direkt nach Hause liefern oder ins B\u00fcro. <\/p>\n\n\n\n<p>Sprechen Sie mit uns, wir beraten Sie gerne. Unsere aktuellen Speisepl\u00e4ne finden Sie<a href=\"http:\/\/www.lecker-kochtopf.de\/index.php\/speiseplane\/\"> hier.<\/a><\/p>\n\n\n\n<p>Gerne machen wir f\u00fcr Sie ein individuelles Angebot, nehmen\nSie mit uns Kontakt auf unter <a href=\"mailto:kochtopf@markappich.de\">kochtopf@markappich.de<\/a> oder\ntelefonisch unter 0711 \u2013 16 22 10 10.<\/p>\n","protected":false},"excerpt":{"rendered":"<p>Herzlich willkommen beim leckeren Kochtopf Hier sind Sie genau richtig, wenn Sie eine h\u00e4usliche Verpflegung f\u00fcr sich oder einen Angeh\u00f6rigen suchen. Wir bieten einen t\u00e4glichen Mittagstisch f\u00fcr Jedermann, privat oder im Betrieb. Wir bieten t\u00e4glich wechselnde, frisch gekochte Men\u00fcs an, die wir direkt nach Hause liefern oder ins B\u00fcro. Sprechen Sie mit uns, wir beraten&#8230;<\/p>\n","protected":false},"author":1,"featured_media":0,"parent":0,"menu_order":0,"comment_status":"closed","ping_status":"open","template":"","meta":[],"yoast_head":"<!-- This site is optimized with the Yoast SEO plugin v18.4.1 - https:\/\/yoast.com\/wordpress\/plugins\/seo\/ -->\n<title>Home - Der Leckere Kochtopf<\/title>\n<meta name=\"robots\" content=\"index, follow, max-snippet:-1, max-image-preview:large, max-video-preview:-1\" \/>\n<link rel=\"canonical\" href=\"https:\/\/www.lecker-kochtopf.de\/\" \/>\n<meta property=\"og:locale\" content=\"de_DE\" \/>\n<meta property=\"og:type\" content=\"article\" \/>\n<meta property=\"og:title\" content=\"Home - Der Leckere Kochtopf\" \/>\n<meta property=\"og:description\" content=\"Herzlich willkommen beim leckeren Kochtopf Hier sind Sie genau richtig, wenn Sie eine h\u00e4usliche Verpflegung f\u00fcr sich oder einen Angeh\u00f6rigen suchen. Wir bieten einen t\u00e4glichen Mittagstisch f\u00fcr Jedermann, privat oder im Betrieb. Wir bieten t\u00e4glich wechselnde, frisch gekochte Men\u00fcs an, die wir direkt nach Hause liefern oder ins B\u00fcro. Sprechen Sie mit uns, wir beraten...\" \/>\n<meta property=\"og:url\" content=\"https:\/\/www.lecker-kochtopf.de\/\" \/>\n<meta property=\"og:site_name\" content=\"Der Leckere Kochtopf\" \/>\n<meta property=\"article:modified_time\" content=\"2020-08-17T15:25:00+00:00\" \/>\n<meta name=\"twitter:card\" content=\"summary_large_image\" \/>\n<script type=\"application\/ld+json\" class=\"yoast-schema-graph\">{\"@context\":\"https:\/\/schema.org\",\"@graph\":[{\"@type\":\"WebSite\",\"@id\":\"https:\/\/www.lecker-kochtopf.de\/#website\",\"url\":\"https:\/\/www.lecker-kochtopf.de\/\",\"name\":\"Der Leckere Kochtopf\",\"description\":\"T\u00e4glich frisch und warm\",\"potentialAction\":[{\"@type\":\"SearchAction\",\"target\":{\"@type\":\"EntryPoint\",\"urlTemplate\":\"https:\/\/www.lecker-kochtopf.de\/?s={search_term_string}\"},\"query-input\":\"required name=search_term_string\"}],\"inLanguage\":\"de\"},{\"@type\":\"WebPage\",\"@id\":\"https:\/\/www.lecker-kochtopf.de\/#webpage\",\"url\":\"https:\/\/www.lecker-kochtopf.de\/\",\"name\":\"Home - Der Leckere Kochtopf\",\"isPartOf\":{\"@id\":\"https:\/\/www.lecker-kochtopf.de\/#website\"},\"datePublished\":\"2019-03-02T16:46:15+00:00\",\"dateModified\":\"2020-08-17T15:25:00+00:00\",\"breadcrumb\":{\"@id\":\"https:\/\/www.lecker-kochtopf.de\/#breadcrumb\"},\"inLanguage\":\"de\",\"potentialAction\":[{\"@type\":\"ReadAction\",\"target\":[\"https:\/\/www.lecker-kochtopf.de\/\"]}]},{\"@type\":\"BreadcrumbList\",\"@id\":\"https:\/\/www.lecker-kochtopf.de\/#breadcrumb\",\"itemListElement\":[{\"@type\":\"ListItem\",\"position\":1,\"name\":\"Startseite\",\"item\":\"https:\/\/www.lecker-kochtopf.de\/\"},{\"@type\":\"ListItem\",\"position\":2,\"name\":\"Home\"}]}]}<\/script>\n<!-- \/ Yoast SEO plugin. -->","yoast_head_json":{"title":"Home - Der Leckere Kochtopf","robots":{"index":"index","follow":"follow","max-snippet":"max-snippet:-1","max-image-preview":"max-image-preview:large","max-video-preview":"max-video-preview:-1"},"canonical":"https:\/\/www.lecker-kochtopf.de\/","og_locale":"de_DE","og_type":"article","og_title":"Home - Der Leckere Kochtopf","og_description":"Herzlich willkommen beim leckeren Kochtopf Hier sind Sie genau richtig, wenn Sie eine h\u00e4usliche Verpflegung f\u00fcr sich oder einen Angeh\u00f6rigen suchen. Wir bieten einen t\u00e4glichen Mittagstisch f\u00fcr Jedermann, privat oder im Betrieb. Wir bieten t\u00e4glich wechselnde, frisch gekochte Men\u00fcs an, die wir direkt nach Hause liefern oder ins B\u00fcro. Sprechen Sie mit uns, wir beraten...","og_url":"https:\/\/www.lecker-kochtopf.de\/","og_site_name":"Der Leckere Kochtopf","article_modified_time":"2020-08-17T15:25:00+00:00","twitter_card":"summary_large_image","schema":{"@context":"https:\/\/schema.org","@graph":[{"@type":"WebSite","@id":"https:\/\/www.lecker-kochtopf.de\/#website","url":"https:\/\/www.lecker-kochtopf.de\/","name":"Der Leckere Kochtopf","description":"T\u00e4glich frisch und warm","potentialAction":[{"@type":"SearchAction","target":{"@type":"EntryPoint","urlTemplate":"https:\/\/www.lecker-kochtopf.de\/?s={search_term_string}"},"query-input":"required name=search_term_string"}],"inLanguage":"de"},{"@type":"WebPage","@id":"https:\/\/www.lecker-kochtopf.de\/#webpage","url":"https:\/\/www.lecker-kochtopf.de\/","name":"Home - Der Leckere Kochtopf","isPartOf":{"@id":"https:\/\/www.lecker-kochtopf.de\/#website"},"datePublished":"2019-03-02T16:46:15+00:00","dateModified":"2020-08-17T15:25:00+00:00","breadcrumb":{"@id":"https:\/\/www.lecker-kochtopf.de\/#breadcrumb"},"inLanguage":"de","potentialAction":[{"@type":"ReadAction","target":["https:\/\/www.lecker-kochtopf.de\/"]}]},{"@type":"BreadcrumbList","@id":"https:\/\/www.lecker-kochtopf.de\/#breadcrumb","itemListElement":[{"@type":"ListItem","position":1,"name":"Startseite","item":"https:\/\/www.lecker-kochtopf.de\/"},{"@type":"ListItem","position":2,"name":"Home"}]}]}},"_links":{"self":[{"href":"https:\/\/www.lecker-kochtopf.de\/index.php\/wp-json\/wp\/v2\/pages\/2"}],"collection":[{"href":"https:\/\/www.lecker-kochtopf.de\/index.php\/wp-json\/wp\/v2\/pages"}],"about":[{"href":"https:\/\/www.lecker-kochtopf.de\/index.php\/wp-json\/wp\/v2\/types\/page"}],"author":[{"embeddable":true,"href":"https:\/\/www.lecker-kochtopf.de\/index.php\/wp-json\/wp\/v2\/users\/1"}],"replies":[{"embeddable":true,"href":"https:\/\/www.lecker-kochtopf.de\/index.php\/wp-json\/wp\/v2\/comments?post=2"}],"version-history":[{"count":9,"href":"https:\/\/www.lecker-kochtopf.de\/index.php\/wp-json\/wp\/v2\/pages\/2\/revisions"}],"predecessor-version":[{"id":94,"href":"https:\/\/www.lecker-kochtopf.de\/index.php\/wp-json\/wp\/v2\/pages\/2\/revisions\/94"}],"wp:attachment":[{"href":"https:\/\/www.lecker-kochtopf.de\/index.php\/wp-json\/wp\/v2\/media?parent=2"}],"curies":[{"name":"wp","href":"https:\/\/api.w.org\/{rel}","templated":true}]}}