{"id":20,"date":"2020-07-30T16:35:22","date_gmt":"2020-07-30T16:35:22","guid":{"rendered":"http:\/\/www.lecker-kochtopf.de\/?page_id=20"},"modified":"2025-01-26T18:44:22","modified_gmt":"2025-01-26T17:44:22","slug":"essen-auf-raedern","status":"publish","type":"page","link":"https:\/\/www.lecker-kochtopf.de\/index.php\/essen-auf-raedern\/","title":{"rendered":"Essen auf R\u00e4dern &#8211; Men\u00fcservice Stuttgart"},"content":{"rendered":"\n<p>Seit mehr als 20 Jahren verw\u00f6hnt der Leckere Kochtopf mit\neinem reichhaltigen Mittagessen. Ob zuhause oder im B\u00fcro spielt dabei keine\nRolle, wir machen es Ihnen bequem und einfach.<\/p>\n\n\n\n<p>Unser w\u00f6chentlicher Speiseplan bietet eine vielf\u00e4ltige Auswahl. Neben saisonalen und klassischen &#8222;Leib&#8220;-Gerichten, sowie frischer Pasta und Salate, gibt es nat\u00fcrlich auch ein geeignetes Men\u00fc f\u00fcr Allergiker (Gluten-, Milch- und Eifrei). Wir versprechen Ihnen\u2026.F\u00fcr jeden ist etwas dabei!<\/p>\n\n\n\n<p><strong>Essen auf R\u00e4dern &#8211; Men\u00fcservice Stuttgart und Region<\/strong><\/p>\n\n\n\n<p><strong>Essen auf R\u00e4dern Stuttgart<\/strong> \u2013 wir bringen Ihr Mittagessen zu Ihnen nach Hause.<\/p>\n\n\n\n<p>Unser Men\u00fc-Bringdienst \u00fcberzeugt durch Qualit\u00e4t, Freundlichkeit und Service. Wir legen bei unserem Angebot gr\u00f6\u00dften Wert auf gesunde Ern\u00e4hrung und Individualit\u00e4t!<\/p>\n\n\n\n<p>Wir liefern schon ab einem Men\u00fc! Sie gehen bei uns <strong>keine\nVertragsbindung<\/strong> ein.<\/p>\n\n\n\n<p>Der Leckere Kochtopf liefert t\u00e4glich mehrere leckere, vor allem <strong>frisch gekochte Mittagessen<\/strong> f\u00fcr Senioren, Firmen, Kitas und Kinderhorte \u2013 einfach f\u00fcr Jeden. Bei den Kindermen\u00fcs ben\u00f6tigen wir einfach die Menge sowie das Alter der Kinder.<\/p>\n\n\n\n<p>Wenden Sie sich vertrauensvoll an uns und Sie bekommen\ngarantiert und sicher Ihr <strong>leckeres Mittagessen<\/strong> nach Hause geliefert.<\/p>\n\n\n\n<p>Unser Angebot entnehmen Sie aus unserem aktuellen\nSpeiseplan.<\/p>\n\n\n\n<p>Sie bestellen bei uns ganz einfach per Telefon oder Mail. Am\neinfachsten ist es, wenn Sie unserem Zusteller den ausgef\u00fcllten Bestellschein\nbei der n\u00e4chsten Lieferung wieder mitgeben.<\/p>\n\n\n\n<p>Bei Privatpersonen erfolgt die Bezahlung bargeldlos per SEPA Lastschriftverfahren.<\/p>\n\n\n\n<p>Bei Firmen und Kindermen\u00fcs f\u00fcr Kitas und Kinderhorte erfolgt die Abrechnung per Rechnung oder wahlweise per SEPA Lastschrift.<\/p>\n","protected":false},"excerpt":{"rendered":"<p>Seit mehr als 20 Jahren verw\u00f6hnt der Leckere Kochtopf mit einem reichhaltigen Mittagessen. Ob zuhause oder im B\u00fcro spielt dabei keine Rolle, wir machen es Ihnen bequem und einfach. Unser w\u00f6chentlicher Speiseplan bietet eine vielf\u00e4ltige Auswahl. Neben saisonalen und klassischen &#8222;Leib&#8220;-Gerichten, sowie frischer Pasta und Salate, gibt es nat\u00fcrlich auch ein geeignetes Men\u00fc f\u00fcr Allergiker&#8230;<\/p>\n","protected":false},"author":1,"featured_media":0,"parent":0,"menu_order":0,"comment_status":"closed","ping_status":"closed","template":"","meta":[],"yoast_head":"<!-- This site is optimized with the Yoast SEO plugin v18.4.1 - https:\/\/yoast.com\/wordpress\/plugins\/seo\/ -->\n<title>Essen auf R\u00e4dern - Men\u00fcservice Stuttgart - Der Leckere Kochtopf<\/title>\n<meta name=\"robots\" content=\"index, follow, max-snippet:-1, max-image-preview:large, max-video-preview:-1\" \/>\n<link rel=\"canonical\" href=\"https:\/\/www.lecker-kochtopf.de\/index.php\/essen-auf-raedern\/\" \/>\n<meta property=\"og:locale\" content=\"de_DE\" \/>\n<meta property=\"og:type\" content=\"article\" \/>\n<meta property=\"og:title\" content=\"Essen auf R\u00e4dern - Men\u00fcservice Stuttgart - Der Leckere Kochtopf\" \/>\n<meta property=\"og:description\" content=\"Seit mehr als 20 Jahren verw\u00f6hnt der Leckere Kochtopf mit einem reichhaltigen Mittagessen. Ob zuhause oder im B\u00fcro spielt dabei keine Rolle, wir machen es Ihnen bequem und einfach. Unser w\u00f6chentlicher Speiseplan bietet eine vielf\u00e4ltige Auswahl. Neben saisonalen und klassischen &#8222;Leib&#8220;-Gerichten, sowie frischer Pasta und Salate, gibt es nat\u00fcrlich auch ein geeignetes Men\u00fc f\u00fcr Allergiker...\" \/>\n<meta property=\"og:url\" content=\"https:\/\/www.lecker-kochtopf.de\/index.php\/essen-auf-raedern\/\" \/>\n<meta property=\"og:site_name\" content=\"Der Leckere Kochtopf\" \/>\n<meta property=\"article:modified_time\" content=\"2025-01-26T17:44:22+00:00\" \/>\n<meta name=\"twitter:card\" content=\"summary_large_image\" \/>\n<meta name=\"twitter:label1\" content=\"Gesch\u00e4tzte Lesezeit\" \/>\n\t<meta name=\"twitter:data1\" content=\"2\u00a0Minuten\" \/>\n<script type=\"application\/ld+json\" class=\"yoast-schema-graph\">{\"@context\":\"https:\/\/schema.org\",\"@graph\":[{\"@type\":\"WebSite\",\"@id\":\"https:\/\/www.lecker-kochtopf.de\/#website\",\"url\":\"https:\/\/www.lecker-kochtopf.de\/\",\"name\":\"Der Leckere Kochtopf\",\"description\":\"T\u00e4glich frisch und warm\",\"potentialAction\":[{\"@type\":\"SearchAction\",\"target\":{\"@type\":\"EntryPoint\",\"urlTemplate\":\"https:\/\/www.lecker-kochtopf.de\/?s={search_term_string}\"},\"query-input\":\"required name=search_term_string\"}],\"inLanguage\":\"de\"},{\"@type\":\"WebPage\",\"@id\":\"https:\/\/www.lecker-kochtopf.de\/index.php\/essen-auf-raedern\/#webpage\",\"url\":\"https:\/\/www.lecker-kochtopf.de\/index.php\/essen-auf-raedern\/\",\"name\":\"Essen auf R\u00e4dern - Men\u00fcservice Stuttgart - Der Leckere Kochtopf\",\"isPartOf\":{\"@id\":\"https:\/\/www.lecker-kochtopf.de\/#website\"},\"datePublished\":\"2020-07-30T16:35:22+00:00\",\"dateModified\":\"2025-01-26T17:44:22+00:00\",\"breadcrumb\":{\"@id\":\"https:\/\/www.lecker-kochtopf.de\/index.php\/essen-auf-raedern\/#breadcrumb\"},\"inLanguage\":\"de\",\"potentialAction\":[{\"@type\":\"ReadAction\",\"target\":[\"https:\/\/www.lecker-kochtopf.de\/index.php\/essen-auf-raedern\/\"]}]},{\"@type\":\"BreadcrumbList\",\"@id\":\"https:\/\/www.lecker-kochtopf.de\/index.php\/essen-auf-raedern\/#breadcrumb\",\"itemListElement\":[{\"@type\":\"ListItem\",\"position\":1,\"name\":\"Startseite\",\"item\":\"https:\/\/www.lecker-kochtopf.de\/\"},{\"@type\":\"ListItem\",\"position\":2,\"name\":\"Essen auf R\u00e4dern &#8211; Men\u00fcservice Stuttgart\"}]}]}<\/script>\n<!-- \/ Yoast SEO plugin. -->","yoast_head_json":{"title":"Essen auf R\u00e4dern - Men\u00fcservice Stuttgart - Der Leckere Kochtopf","robots":{"index":"index","follow":"follow","max-snippet":"max-snippet:-1","max-image-preview":"max-image-preview:large","max-video-preview":"max-video-preview:-1"},"canonical":"https:\/\/www.lecker-kochtopf.de\/index.php\/essen-auf-raedern\/","og_locale":"de_DE","og_type":"article","og_title":"Essen auf R\u00e4dern - Men\u00fcservice Stuttgart - Der Leckere Kochtopf","og_description":"Seit mehr als 20 Jahren verw\u00f6hnt der Leckere Kochtopf mit einem reichhaltigen Mittagessen. Ob zuhause oder im B\u00fcro spielt dabei keine Rolle, wir machen es Ihnen bequem und einfach. Unser w\u00f6chentlicher Speiseplan bietet eine vielf\u00e4ltige Auswahl. Neben saisonalen und klassischen &#8222;Leib&#8220;-Gerichten, sowie frischer Pasta und Salate, gibt es nat\u00fcrlich auch ein geeignetes Men\u00fc f\u00fcr Allergiker...","og_url":"https:\/\/www.lecker-kochtopf.de\/index.php\/essen-auf-raedern\/","og_site_name":"Der Leckere Kochtopf","article_modified_time":"2025-01-26T17:44:22+00:00","twitter_card":"summary_large_image","twitter_misc":{"Gesch\u00e4tzte Lesezeit":"2\u00a0Minuten"},"schema":{"@context":"https:\/\/schema.org","@graph":[{"@type":"WebSite","@id":"https:\/\/www.lecker-kochtopf.de\/#website","url":"https:\/\/www.lecker-kochtopf.de\/","name":"Der Leckere Kochtopf","description":"T\u00e4glich frisch und warm","potentialAction":[{"@type":"SearchAction","target":{"@type":"EntryPoint","urlTemplate":"https:\/\/www.lecker-kochtopf.de\/?s={search_term_string}"},"query-input":"required name=search_term_string"}],"inLanguage":"de"},{"@type":"WebPage","@id":"https:\/\/www.lecker-kochtopf.de\/index.php\/essen-auf-raedern\/#webpage","url":"https:\/\/www.lecker-kochtopf.de\/index.php\/essen-auf-raedern\/","name":"Essen auf R\u00e4dern - Men\u00fcservice Stuttgart - Der Leckere Kochtopf","isPartOf":{"@id":"https:\/\/www.lecker-kochtopf.de\/#website"},"datePublished":"2020-07-30T16:35:22+00:00","dateModified":"2025-01-26T17:44:22+00:00","breadcrumb":{"@id":"https:\/\/www.lecker-kochtopf.de\/index.php\/essen-auf-raedern\/#breadcrumb"},"inLanguage":"de","potentialAction":[{"@type":"ReadAction","target":["https:\/\/www.lecker-kochtopf.de\/index.php\/essen-auf-raedern\/"]}]},{"@type":"BreadcrumbList","@id":"https:\/\/www.lecker-kochtopf.de\/index.php\/essen-auf-raedern\/#breadcrumb","itemListElement":[{"@type":"ListItem","position":1,"name":"Startseite","item":"https:\/\/www.lecker-kochtopf.de\/"},{"@type":"ListItem","position":2,"name":"Essen auf R\u00e4dern &#8211; Men\u00fcservice Stuttgart"}]}]}},"_links":{"self":[{"href":"https:\/\/www.lecker-kochtopf.de\/index.php\/wp-json\/wp\/v2\/pages\/20"}],"collection":[{"href":"https:\/\/www.lecker-kochtopf.de\/index.php\/wp-json\/wp\/v2\/pages"}],"about":[{"href":"https:\/\/www.lecker-kochtopf.de\/index.php\/wp-json\/wp\/v2\/types\/page"}],"author":[{"embeddable":true,"href":"https:\/\/www.lecker-kochtopf.de\/index.php\/wp-json\/wp\/v2\/users\/1"}],"replies":[{"embeddable":true,"href":"https:\/\/www.lecker-kochtopf.de\/index.php\/wp-json\/wp\/v2\/comments?post=20"}],"version-history":[{"count":15,"href":"https:\/\/www.lecker-kochtopf.de\/index.php\/wp-json\/wp\/v2\/pages\/20\/revisions"}],"predecessor-version":[{"id":931,"href":"https:\/\/www.lecker-kochtopf.de\/index.php\/wp-json\/wp\/v2\/pages\/20\/revisions\/931"}],"wp:attachment":[{"href":"https:\/\/www.lecker-kochtopf.de\/index.php\/wp-json\/wp\/v2\/media?parent=20"}],"curies":[{"name":"wp","href":"https:\/\/api.w.org\/{rel}","templated":true}]}}