{"id":25,"date":"2020-07-30T16:34:55","date_gmt":"2020-07-30T16:34:55","guid":{"rendered":"http:\/\/www.lecker-kochtopf.de\/?page_id=25"},"modified":"2026-04-27T20:27:58","modified_gmt":"2026-04-27T18:27:58","slug":"speiseplane","status":"publish","type":"page","link":"https:\/\/www.lecker-kochtopf.de\/index.php\/speiseplane\/","title":{"rendered":"Men\u00fcservice Stuttgart Speisepl\u00e4ne"},"content":{"rendered":"\n<h2 class=\"has-medium-font-size\">Hier finden Sie unsere aktuellen Speisepl\u00e4ne mit den Preisen f\u00fcr die Men\u00fcs und die ausgewiesenen Allergene der einzelnen Men\u00fcs. Die Preise finden Sie in unseren aktuellen Speisepl\u00e4nen aufgef\u00fchrt. Es handelt sich um Endpreise inclusive der Umsatzsteuer. <\/h2>\n\n\n\n<h2 class=\"has-medium-font-size\">Weitere Lieferkosten fallen <strong>keine<\/strong> an<\/h2>\n\n\n\n<p><a href=\"https:\/\/www.lecker-kochtopf.de\/wp-content\/uploads\/2026\/04\/Speiseplan-Leckerer-Kochtopf-KW-18-2026.pdf\">KW 18 vom 27.04. &#8211; 03.05.26<\/a><\/p>\n\n\n\n<p><a href=\"https:\/\/www.lecker-kochtopf.de\/wp-content\/uploads\/2026\/04\/Speiseplan-Leckerer-Kochtopf-KW-19-2026.pdf\">KW 19 vom 04.05. &#8211; 10.05.26<\/a><\/p>\n\n\n\n<p><a href=\"https:\/\/www.lecker-kochtopf.de\/wp-content\/uploads\/2026\/04\/Speiseplan-Leckerer-Kochtopf-KW-20-2026.pdf\">KW 20 vom 11.05. &#8211; 17.05.26<\/a><\/p>\n\n\n\n<p><a href=\"https:\/\/www.lecker-kochtopf.de\/wp-content\/uploads\/2026\/04\/Speiseplan-Leckerer-Kochtopf-KW-21-2026.pdf\">KW 21 vom 18.05. &#8211; 24.05.26<\/a><\/p>\n","protected":false},"excerpt":{"rendered":"<p>Hier finden Sie unsere aktuellen Speisepl\u00e4ne mit den Preisen f\u00fcr die Men\u00fcs und die ausgewiesenen Allergene der einzelnen Men\u00fcs. Die Preise finden Sie in unseren aktuellen Speisepl\u00e4nen aufgef\u00fchrt. Es handelt sich um Endpreise inclusive der Umsatzsteuer. Weitere Lieferkosten fallen keine an KW 18 vom 27.04. &#8211; 03.05.26 KW 19 vom 04.05. &#8211; 10.05.26 KW 20&#8230;<\/p>\n","protected":false},"author":1,"featured_media":0,"parent":0,"menu_order":0,"comment_status":"closed","ping_status":"closed","template":"","meta":[],"yoast_head":"<!-- This site is optimized with the Yoast SEO plugin v18.4.1 - https:\/\/yoast.com\/wordpress\/plugins\/seo\/ -->\n<title>Men\u00fcservice Stuttgart Speisepl\u00e4ne - Der Leckere Kochtopf<\/title>\n<meta name=\"robots\" content=\"index, follow, max-snippet:-1, max-image-preview:large, max-video-preview:-1\" \/>\n<link rel=\"canonical\" href=\"https:\/\/www.lecker-kochtopf.de\/index.php\/speiseplane\/\" \/>\n<meta property=\"og:locale\" content=\"de_DE\" \/>\n<meta property=\"og:type\" content=\"article\" \/>\n<meta property=\"og:title\" content=\"Men\u00fcservice Stuttgart Speisepl\u00e4ne - Der Leckere Kochtopf\" \/>\n<meta property=\"og:description\" content=\"Hier finden Sie unsere aktuellen Speisepl\u00e4ne mit den Preisen f\u00fcr die Men\u00fcs und die ausgewiesenen Allergene der einzelnen Men\u00fcs. Die Preise finden Sie in unseren aktuellen Speisepl\u00e4nen aufgef\u00fchrt. Es handelt sich um Endpreise inclusive der Umsatzsteuer. Weitere Lieferkosten fallen keine an KW 18 vom 27.04. &#8211; 03.05.26 KW 19 vom 04.05. &#8211; 10.05.26 KW 20...\" \/>\n<meta property=\"og:url\" content=\"https:\/\/www.lecker-kochtopf.de\/index.php\/speiseplane\/\" \/>\n<meta property=\"og:site_name\" content=\"Der Leckere Kochtopf\" \/>\n<meta property=\"article:modified_time\" content=\"2026-04-27T18:27:58+00:00\" \/>\n<meta name=\"twitter:card\" content=\"summary_large_image\" \/>\n<meta name=\"twitter:label1\" content=\"Gesch\u00e4tzte Lesezeit\" \/>\n\t<meta name=\"twitter:data1\" content=\"1\u00a0Minute\" \/>\n<script type=\"application\/ld+json\" class=\"yoast-schema-graph\">{\"@context\":\"https:\/\/schema.org\",\"@graph\":[{\"@type\":\"WebSite\",\"@id\":\"https:\/\/www.lecker-kochtopf.de\/#website\",\"url\":\"https:\/\/www.lecker-kochtopf.de\/\",\"name\":\"Der Leckere Kochtopf\",\"description\":\"T\u00e4glich frisch und warm\",\"potentialAction\":[{\"@type\":\"SearchAction\",\"target\":{\"@type\":\"EntryPoint\",\"urlTemplate\":\"https:\/\/www.lecker-kochtopf.de\/?s={search_term_string}\"},\"query-input\":\"required name=search_term_string\"}],\"inLanguage\":\"de\"},{\"@type\":\"WebPage\",\"@id\":\"https:\/\/www.lecker-kochtopf.de\/index.php\/speiseplane\/#webpage\",\"url\":\"https:\/\/www.lecker-kochtopf.de\/index.php\/speiseplane\/\",\"name\":\"Men\u00fcservice Stuttgart Speisepl\u00e4ne - Der Leckere Kochtopf\",\"isPartOf\":{\"@id\":\"https:\/\/www.lecker-kochtopf.de\/#website\"},\"datePublished\":\"2020-07-30T16:34:55+00:00\",\"dateModified\":\"2026-04-27T18:27:58+00:00\",\"breadcrumb\":{\"@id\":\"https:\/\/www.lecker-kochtopf.de\/index.php\/speiseplane\/#breadcrumb\"},\"inLanguage\":\"de\",\"potentialAction\":[{\"@type\":\"ReadAction\",\"target\":[\"https:\/\/www.lecker-kochtopf.de\/index.php\/speiseplane\/\"]}]},{\"@type\":\"BreadcrumbList\",\"@id\":\"https:\/\/www.lecker-kochtopf.de\/index.php\/speiseplane\/#breadcrumb\",\"itemListElement\":[{\"@type\":\"ListItem\",\"position\":1,\"name\":\"Startseite\",\"item\":\"https:\/\/www.lecker-kochtopf.de\/\"},{\"@type\":\"ListItem\",\"position\":2,\"name\":\"Men\u00fcservice Stuttgart Speisepl\u00e4ne\"}]}]}<\/script>\n<!-- \/ Yoast SEO plugin. -->","yoast_head_json":{"title":"Men\u00fcservice Stuttgart Speisepl\u00e4ne - Der Leckere Kochtopf","robots":{"index":"index","follow":"follow","max-snippet":"max-snippet:-1","max-image-preview":"max-image-preview:large","max-video-preview":"max-video-preview:-1"},"canonical":"https:\/\/www.lecker-kochtopf.de\/index.php\/speiseplane\/","og_locale":"de_DE","og_type":"article","og_title":"Men\u00fcservice Stuttgart Speisepl\u00e4ne - Der Leckere Kochtopf","og_description":"Hier finden Sie unsere aktuellen Speisepl\u00e4ne mit den Preisen f\u00fcr die Men\u00fcs und die ausgewiesenen Allergene der einzelnen Men\u00fcs. Die Preise finden Sie in unseren aktuellen Speisepl\u00e4nen aufgef\u00fchrt. Es handelt sich um Endpreise inclusive der Umsatzsteuer. Weitere Lieferkosten fallen keine an KW 18 vom 27.04. &#8211; 03.05.26 KW 19 vom 04.05. &#8211; 10.05.26 KW 20...","og_url":"https:\/\/www.lecker-kochtopf.de\/index.php\/speiseplane\/","og_site_name":"Der Leckere Kochtopf","article_modified_time":"2026-04-27T18:27:58+00:00","twitter_card":"summary_large_image","twitter_misc":{"Gesch\u00e4tzte Lesezeit":"1\u00a0Minute"},"schema":{"@context":"https:\/\/schema.org","@graph":[{"@type":"WebSite","@id":"https:\/\/www.lecker-kochtopf.de\/#website","url":"https:\/\/www.lecker-kochtopf.de\/","name":"Der Leckere Kochtopf","description":"T\u00e4glich frisch und warm","potentialAction":[{"@type":"SearchAction","target":{"@type":"EntryPoint","urlTemplate":"https:\/\/www.lecker-kochtopf.de\/?s={search_term_string}"},"query-input":"required name=search_term_string"}],"inLanguage":"de"},{"@type":"WebPage","@id":"https:\/\/www.lecker-kochtopf.de\/index.php\/speiseplane\/#webpage","url":"https:\/\/www.lecker-kochtopf.de\/index.php\/speiseplane\/","name":"Men\u00fcservice Stuttgart Speisepl\u00e4ne - Der Leckere Kochtopf","isPartOf":{"@id":"https:\/\/www.lecker-kochtopf.de\/#website"},"datePublished":"2020-07-30T16:34:55+00:00","dateModified":"2026-04-27T18:27:58+00:00","breadcrumb":{"@id":"https:\/\/www.lecker-kochtopf.de\/index.php\/speiseplane\/#breadcrumb"},"inLanguage":"de","potentialAction":[{"@type":"ReadAction","target":["https:\/\/www.lecker-kochtopf.de\/index.php\/speiseplane\/"]}]},{"@type":"BreadcrumbList","@id":"https:\/\/www.lecker-kochtopf.de\/index.php\/speiseplane\/#breadcrumb","itemListElement":[{"@type":"ListItem","position":1,"name":"Startseite","item":"https:\/\/www.lecker-kochtopf.de\/"},{"@type":"ListItem","position":2,"name":"Men\u00fcservice Stuttgart Speisepl\u00e4ne"}]}]}},"_links":{"self":[{"href":"https:\/\/www.lecker-kochtopf.de\/index.php\/wp-json\/wp\/v2\/pages\/25"}],"collection":[{"href":"https:\/\/www.lecker-kochtopf.de\/index.php\/wp-json\/wp\/v2\/pages"}],"about":[{"href":"https:\/\/www.lecker-kochtopf.de\/index.php\/wp-json\/wp\/v2\/types\/page"}],"author":[{"embeddable":true,"href":"https:\/\/www.lecker-kochtopf.de\/index.php\/wp-json\/wp\/v2\/users\/1"}],"replies":[{"embeddable":true,"href":"https:\/\/www.lecker-kochtopf.de\/index.php\/wp-json\/wp\/v2\/comments?post=25"}],"version-history":[{"count":384,"href":"https:\/\/www.lecker-kochtopf.de\/index.php\/wp-json\/wp\/v2\/pages\/25\/revisions"}],"predecessor-version":[{"id":1140,"href":"https:\/\/www.lecker-kochtopf.de\/index.php\/wp-json\/wp\/v2\/pages\/25\/revisions\/1140"}],"wp:attachment":[{"href":"https:\/\/www.lecker-kochtopf.de\/index.php\/wp-json\/wp\/v2\/media?parent=25"}],"curies":[{"name":"wp","href":"https:\/\/api.w.org\/{rel}","templated":true}]}}