{"id":30,"date":"2020-07-30T16:33:53","date_gmt":"2020-07-30T16:33:53","guid":{"rendered":"http:\/\/www.lecker-kochtopf.de\/?page_id=30"},"modified":"2025-10-10T09:27:04","modified_gmt":"2025-10-10T07:27:04","slug":"mittagstisch-im-betrieb","status":"publish","type":"page","link":"https:\/\/www.lecker-kochtopf.de\/index.php\/mittagstisch-im-betrieb\/","title":{"rendered":"Mittagstisch im Betrieb"},"content":{"rendered":"\n<p class=\"has-text-align-center has-text-color\" style=\"color:#ffa43b;font-size:28px\"> <br><strong>Schon wieder Fast Food? <\/strong> <strong>Wo gehe ich heute hin zum Essen?<\/strong> <strong>Wir bieten die L\u00f6sung!<\/strong> <\/p>\n\n\n\n<p>Mit unseren frisch gekochten Men\u00fcs machen wir Ihren Alltag im B\u00fcro bequemer und effizienter. Wir liefern schon ab einem Men\u00fc Ihr Mittagessen im Betrieb an. Bei der regelm\u00e4\u00dfigen Abnahme von mehreren Men\u00fcs k\u00f6nnen wir Ihnen einen individuellen Preis anbieten. Schon bei der Abnahme von mind. 5 Men\u00fcs pro Anlieferung sparen Sie. Gerne k\u00f6nnen wir Ihnen einen individuellen Preis anbieten. Sprechen Sie mit uns, wir beraten Sie gerne.<\/p>\n\n\n\n<p>Sprechen Sie mit uns &nbsp;&nbsp;0711 \u2013 16221010 &nbsp;&nbsp;oder per Mail: <a href=\"mailto:kochtopf@markappich.de\">kochtopf@markappich.de<\/a><\/p>\n","protected":false},"excerpt":{"rendered":"<p>Schon wieder Fast Food? Wo gehe ich heute hin zum Essen? Wir bieten die L\u00f6sung! Mit unseren frisch gekochten Men\u00fcs machen wir Ihren Alltag im B\u00fcro bequemer und effizienter. Wir liefern schon ab einem Men\u00fc Ihr Mittagessen im Betrieb an. Bei der regelm\u00e4\u00dfigen Abnahme von mehreren Men\u00fcs k\u00f6nnen wir Ihnen einen individuellen Preis anbieten. Schon&#8230;<\/p>\n","protected":false},"author":1,"featured_media":0,"parent":0,"menu_order":0,"comment_status":"closed","ping_status":"closed","template":"","meta":[],"yoast_head":"<!-- This site is optimized with the Yoast SEO plugin v18.4.1 - https:\/\/yoast.com\/wordpress\/plugins\/seo\/ -->\n<title>Mittagstisch im Betrieb - Der Leckere Kochtopf<\/title>\n<meta name=\"robots\" content=\"index, follow, max-snippet:-1, max-image-preview:large, max-video-preview:-1\" \/>\n<link rel=\"canonical\" href=\"https:\/\/www.lecker-kochtopf.de\/index.php\/mittagstisch-im-betrieb\/\" \/>\n<meta property=\"og:locale\" content=\"de_DE\" \/>\n<meta property=\"og:type\" content=\"article\" \/>\n<meta property=\"og:title\" content=\"Mittagstisch im Betrieb - Der Leckere Kochtopf\" \/>\n<meta property=\"og:description\" content=\"Schon wieder Fast Food? Wo gehe ich heute hin zum Essen? Wir bieten die L\u00f6sung! Mit unseren frisch gekochten Men\u00fcs machen wir Ihren Alltag im B\u00fcro bequemer und effizienter. Wir liefern schon ab einem Men\u00fc Ihr Mittagessen im Betrieb an. Bei der regelm\u00e4\u00dfigen Abnahme von mehreren Men\u00fcs k\u00f6nnen wir Ihnen einen individuellen Preis anbieten. Schon...\" \/>\n<meta property=\"og:url\" content=\"https:\/\/www.lecker-kochtopf.de\/index.php\/mittagstisch-im-betrieb\/\" \/>\n<meta property=\"og:site_name\" content=\"Der Leckere Kochtopf\" \/>\n<meta property=\"article:modified_time\" content=\"2025-10-10T07:27:04+00:00\" \/>\n<meta name=\"twitter:card\" content=\"summary_large_image\" \/>\n<meta name=\"twitter:label1\" content=\"Gesch\u00e4tzte Lesezeit\" \/>\n\t<meta name=\"twitter:data1\" content=\"1\u00a0Minute\" \/>\n<script type=\"application\/ld+json\" class=\"yoast-schema-graph\">{\"@context\":\"https:\/\/schema.org\",\"@graph\":[{\"@type\":\"WebSite\",\"@id\":\"https:\/\/www.lecker-kochtopf.de\/#website\",\"url\":\"https:\/\/www.lecker-kochtopf.de\/\",\"name\":\"Der Leckere Kochtopf\",\"description\":\"T\u00e4glich frisch und warm\",\"potentialAction\":[{\"@type\":\"SearchAction\",\"target\":{\"@type\":\"EntryPoint\",\"urlTemplate\":\"https:\/\/www.lecker-kochtopf.de\/?s={search_term_string}\"},\"query-input\":\"required name=search_term_string\"}],\"inLanguage\":\"de\"},{\"@type\":\"WebPage\",\"@id\":\"https:\/\/www.lecker-kochtopf.de\/index.php\/mittagstisch-im-betrieb\/#webpage\",\"url\":\"https:\/\/www.lecker-kochtopf.de\/index.php\/mittagstisch-im-betrieb\/\",\"name\":\"Mittagstisch im Betrieb - Der Leckere Kochtopf\",\"isPartOf\":{\"@id\":\"https:\/\/www.lecker-kochtopf.de\/#website\"},\"datePublished\":\"2020-07-30T16:33:53+00:00\",\"dateModified\":\"2025-10-10T07:27:04+00:00\",\"breadcrumb\":{\"@id\":\"https:\/\/www.lecker-kochtopf.de\/index.php\/mittagstisch-im-betrieb\/#breadcrumb\"},\"inLanguage\":\"de\",\"potentialAction\":[{\"@type\":\"ReadAction\",\"target\":[\"https:\/\/www.lecker-kochtopf.de\/index.php\/mittagstisch-im-betrieb\/\"]}]},{\"@type\":\"BreadcrumbList\",\"@id\":\"https:\/\/www.lecker-kochtopf.de\/index.php\/mittagstisch-im-betrieb\/#breadcrumb\",\"itemListElement\":[{\"@type\":\"ListItem\",\"position\":1,\"name\":\"Startseite\",\"item\":\"https:\/\/www.lecker-kochtopf.de\/\"},{\"@type\":\"ListItem\",\"position\":2,\"name\":\"Mittagstisch im Betrieb\"}]}]}<\/script>\n<!-- \/ Yoast SEO plugin. -->","yoast_head_json":{"title":"Mittagstisch im Betrieb - Der Leckere Kochtopf","robots":{"index":"index","follow":"follow","max-snippet":"max-snippet:-1","max-image-preview":"max-image-preview:large","max-video-preview":"max-video-preview:-1"},"canonical":"https:\/\/www.lecker-kochtopf.de\/index.php\/mittagstisch-im-betrieb\/","og_locale":"de_DE","og_type":"article","og_title":"Mittagstisch im Betrieb - Der Leckere Kochtopf","og_description":"Schon wieder Fast Food? Wo gehe ich heute hin zum Essen? Wir bieten die L\u00f6sung! Mit unseren frisch gekochten Men\u00fcs machen wir Ihren Alltag im B\u00fcro bequemer und effizienter. Wir liefern schon ab einem Men\u00fc Ihr Mittagessen im Betrieb an. Bei der regelm\u00e4\u00dfigen Abnahme von mehreren Men\u00fcs k\u00f6nnen wir Ihnen einen individuellen Preis anbieten. Schon...","og_url":"https:\/\/www.lecker-kochtopf.de\/index.php\/mittagstisch-im-betrieb\/","og_site_name":"Der Leckere Kochtopf","article_modified_time":"2025-10-10T07:27:04+00:00","twitter_card":"summary_large_image","twitter_misc":{"Gesch\u00e4tzte Lesezeit":"1\u00a0Minute"},"schema":{"@context":"https:\/\/schema.org","@graph":[{"@type":"WebSite","@id":"https:\/\/www.lecker-kochtopf.de\/#website","url":"https:\/\/www.lecker-kochtopf.de\/","name":"Der Leckere Kochtopf","description":"T\u00e4glich frisch und warm","potentialAction":[{"@type":"SearchAction","target":{"@type":"EntryPoint","urlTemplate":"https:\/\/www.lecker-kochtopf.de\/?s={search_term_string}"},"query-input":"required name=search_term_string"}],"inLanguage":"de"},{"@type":"WebPage","@id":"https:\/\/www.lecker-kochtopf.de\/index.php\/mittagstisch-im-betrieb\/#webpage","url":"https:\/\/www.lecker-kochtopf.de\/index.php\/mittagstisch-im-betrieb\/","name":"Mittagstisch im Betrieb - Der Leckere Kochtopf","isPartOf":{"@id":"https:\/\/www.lecker-kochtopf.de\/#website"},"datePublished":"2020-07-30T16:33:53+00:00","dateModified":"2025-10-10T07:27:04+00:00","breadcrumb":{"@id":"https:\/\/www.lecker-kochtopf.de\/index.php\/mittagstisch-im-betrieb\/#breadcrumb"},"inLanguage":"de","potentialAction":[{"@type":"ReadAction","target":["https:\/\/www.lecker-kochtopf.de\/index.php\/mittagstisch-im-betrieb\/"]}]},{"@type":"BreadcrumbList","@id":"https:\/\/www.lecker-kochtopf.de\/index.php\/mittagstisch-im-betrieb\/#breadcrumb","itemListElement":[{"@type":"ListItem","position":1,"name":"Startseite","item":"https:\/\/www.lecker-kochtopf.de\/"},{"@type":"ListItem","position":2,"name":"Mittagstisch im Betrieb"}]}]}},"_links":{"self":[{"href":"https:\/\/www.lecker-kochtopf.de\/index.php\/wp-json\/wp\/v2\/pages\/30"}],"collection":[{"href":"https:\/\/www.lecker-kochtopf.de\/index.php\/wp-json\/wp\/v2\/pages"}],"about":[{"href":"https:\/\/www.lecker-kochtopf.de\/index.php\/wp-json\/wp\/v2\/types\/page"}],"author":[{"embeddable":true,"href":"https:\/\/www.lecker-kochtopf.de\/index.php\/wp-json\/wp\/v2\/users\/1"}],"replies":[{"embeddable":true,"href":"https:\/\/www.lecker-kochtopf.de\/index.php\/wp-json\/wp\/v2\/comments?post=30"}],"version-history":[{"count":32,"href":"https:\/\/www.lecker-kochtopf.de\/index.php\/wp-json\/wp\/v2\/pages\/30\/revisions"}],"predecessor-version":[{"id":1044,"href":"https:\/\/www.lecker-kochtopf.de\/index.php\/wp-json\/wp\/v2\/pages\/30\/revisions\/1044"}],"wp:attachment":[{"href":"https:\/\/www.lecker-kochtopf.de\/index.php\/wp-json\/wp\/v2\/media?parent=30"}],"curies":[{"name":"wp","href":"https:\/\/api.w.org\/{rel}","templated":true}]}}